{"id":883,"date":"2017-06-26T08:33:58","date_gmt":"2017-06-26T08:33:58","guid":{"rendered":"http:\/\/ruthsacks.net\/?page_id=883"},"modified":"2023-11-13T06:41:08","modified_gmt":"2023-11-13T06:41:08","slug":"academic-cv","status":"publish","type":"page","link":"https:\/\/ruthsacks.com\/index.php\/academic-cv\/","title":{"rendered":"Academic Publications"},"content":{"rendered":"<p style=\"text-align: center;\"><strong>Orchid ID:<br \/>\nhttps:\/\/orcid.org\/0000-0002-0987-1959<\/strong><\/p>\n<p><strong><br \/>\nBOOKS (single author)<br \/>\n<\/strong>2023:<br \/>\nSacks, R. <em>Congo Style: From Art Nouveau to African Independence, <\/em>Anne Arbor: Michigan University Press.<br \/>\nDOI: <a href=\"https:\/\/doi.org\/10.3998\/mpub.11519375\">10.3998\/mpub.11519375<\/a><\/p>\n<p><strong>BOOK CHAPTERS (single author)<\/strong><\/p>\n<p>2023:<\/p>\n<p>Sacks, R. (2023) \u2018Behind Johannesburg: Plants and Possible Futures in an Industrialised Hinterland\u2019 In Gupta et al (eds.) <em>Planetary Hinterlands: Extraction, Abandonment and Care, <\/em>Palgrave Macmillan.<\/p>\n<p>DOI: <a href=\"https:\/\/doi.org\/10.1007\/978-3-031-24243-4_18\">10.1007\/978-3-031-24243-4_18<\/a><\/p>\n<p><strong>JOURNAL ARTICLES<br \/>\n<\/strong><\/p>\n<p>2022<span style=\"font-weight: 400;\">:<br \/>\n<\/span><span style=\"font-weight: 400;\">Sacks R. and Thumbran, J. &#8216;Rethinking Resilience: South Africa and Self Reliance&#8217;, In Sacks, R and Thumbran, J. (eds) <\/span><i><span style=\"font-weight: 400;\">Social Dynamics, Special Issue: Rethinking Resilience,\u00a0<\/span><\/i><span style=\"font-weight: 400;\">Taylor &amp; Francis. https:\/\/www.tandfonline.com\/doi\/full\/10.1080\/02533952.2022.2054145\u00a0<\/span><\/p>\n<p><span style=\"font-size: inherit;\">2020:<\/span><strong><br \/>\n<\/strong>Sacks, R. (2020) \u2018Sites of Unfinished Independence in Johannesburg and Kinshasa\u2019, Murray, N., Pyper, B. and Weintraub, J. (eds.) <em>Critical African Studies Vol. 11, Issue I, Special Edition Secret Affinities, <\/em>Taylor &amp; Francis. <a href=\"https:\/\/doi.org\/10.1080\/21681392.2020.1724808\">https:\/\/doi.org\/10.1080\/21681392.2020.1724808<\/a><\/p>\n<p>2018:<br \/>\nSacks, R. (2018) \u2018Lived Remainders: The contemporary lives of iron hotels in the Congo\u2019, In Douchet, I., Frichot, H. and Smith, C. (eds.) <em>Architectural Theory Review Vol. 22, Issue I, Special Edition Resist, Reclaim, Speculate: Situated Perspectives on Architecture in the City<\/em>, Taylor &amp; Francis. <a href=\"https:\/\/doi.org\/10.1080\/13264826.2018.1412331\">https:\/\/doi.org\/10.1080\/13264826.2018.1412331<\/a><\/p>\n<p>Koide, <strong>Sacks<\/strong>, De Groof et al, (2018) \u2018Mediating Past, Present and Future of D.R.Congo\u2019s Historical Narratives on Art in a Global South Dialogue\u2019, <em>Artl@s Bulletin<\/em>, Vol. 7. Issue 1.<br \/>\n<u><a href=\"https:\/\/docs.lib.purdue.edu\/cgi\/viewcontent.cgi?article=1186&amp;context=artlas\">https:\/\/docs.lib.purdue.edu\/cgi\/viewcontent.cgi?article=1186&amp;context=artlas<\/a><\/u><\/p>\n<p>Sacks, R. (2018) &#8216;Retour \u00e0 l\u2019authenticit\u00e9 in the City: A Photo Essay&#8217; <em>Artl@s Bulletin<\/em>, Vol. 7. Issue 1.<br \/>\nhttps:\/\/docs.lib.purdue.edu\/artlas\/vol7\/iss1\/4\/<\/p>\n<p>2016:<br \/>\nSacks, R. \u2018Anonymous Objects as Exhibition Organisms\u2019, In Bowker, S. and Bremner, C. (eds.) <em>Fusion Journal 09,<\/em> <em>Anonymous. The Void in Visual Culture, <\/em>Charles Stuart University.<br \/>\n<a href=\"http:\/\/www.fusion-journal.com\/issue\/009-anonymous-the-void-in-visual-culture\/anonymous-objects-as-exhibition-organisms\/\"><u>http:\/\/www.fusion-journal.com\/issue\/009-anonymous-the-void-in-visual-culture\/anonymous-objects-as-exhibition-organisms\/<\/u><\/a><\/p>\n<p><strong>PUBLISHED CONFERENCE PROCEEDINGS<br \/>\n<\/strong>2019:<br \/>\nSacks, R. \u2018The City Can Speak for Itself\u2019, In Liebow, E., <em>Proceedings of the African Futures Conference<\/em>, Vol 2, Issue 1.<br \/>\n<u>https:\/\/doi.org\/10.1002\/j.2573-508X.2018.tb00007.x<\/u><\/p>\n<p><u><\/u>2015:<br \/>\nSacks, R. \u2018Looking for the Congo in Congo Style\u2019, <em>Proceedings of the conference:<\/em> <em>Admired as well as Overlooked Beauty: Architecture and Urbanism of Historicism, Art Nouveau, Early Modern and Traditionalism<\/em>, \u010ce\u0161ka, Brno: Barrister &amp; Principle, Masarykova Universita, pp. 231 \u2013 243.<\/p>\n<p><strong>Journal Editing<br \/>\n<\/strong><\/p>\n<p>2022:<\/p>\n<p><span style=\"font-weight: 400;\">Sacks, R. and Thumbran, J. (eds) (2022), \u2018Rethinking Resilience\u2019, <\/span><i><span style=\"font-weight: 400;\">Social Dynamics, Special Issue: Rethinking Resilience, Taylor &amp; Francis.<br \/>\n<\/span><\/i><a href=\"https:\/\/www.tandfonline.com\/doi\/full\/10.1080\/02533952.2022.2054145\"><i><span style=\"font-weight: 400;\">https:\/\/www.tandfonline.com\/doi\/full\/10.1080\/02533952.2022.2054145\u00a0<\/span><\/i><\/a><span style=\"font-weight: 400;\"><br \/>\n<\/span><\/p>\n<p><span style=\"font-weight: 400;\"><span style=\"font-size: inherit;\">2021:<br \/>\n<\/span><\/span><span style=\"font-weight: 400;\"><span style=\"font-size: inherit;\">Johannesburg Lasts Collective (eds) (2021), \u2018Johannesburg Lasts: Last, Lasting, Lost<i>\u2019, \u2026 Ellipses. Journal for Creative Practice<\/i>, Issue 4. [Online ]<a href=\"https:\/\/eur01.safelinks.protection.outlook.com\/?url=https%3A%2F%2Fwww.ellipses.org.za%2F&amp;data=04%7C01%7Crsacks%40uj.ac.za%7Cc9cc730d2f2b4d5095df08d90c91bb02%7Cfa785acd36ef41bc8a9489841327e045%7C0%7C0%7C637554642397186179%7CUnknown%7CTWFpbGZsb3d8eyJWIjoiMC4wLjAwMDAiLCJQIjoiV2luMzIiLCJBTiI6Ik1haWwiLCJXVCI6Mn0%3D%7C1000&amp;sdata=QX1TDqq8aMO91HecsWwQKyktZlhcWCoOynFiJVdIVYE%3D&amp;reserved=0\">https:\/\/www.ellipses.org.za<\/a>\u00a0<\/span><br \/>\n<\/span><\/p>\n<p>2018:<br \/>\nKoide, E, De Groof, M. and <strong>Sacks, R.<\/strong> (eds)\u00a0<em>A Global South Dialogue on African Art and Historical Narratives from DR Congo<\/em>, Artl@s Bulletin, Vol. 7. Issue 1.<br \/>\n<u><a href=\"https:\/\/docs.lib.purdue.edu\/cgi\/viewcontent.cgi?article=1186&amp;context=artlas\">https:\/\/docs.lib.purdue.edu\/cgi\/viewcontent.cgi?article=1186&amp;context=artlas<\/a><\/u><\/p>\n<p><b>Conference Presentations<\/b><\/p>\n<p>2023: &#8216;What do we mean when we say &#8216;interdisciplinary?&#8217;, <em>African Studies Association Annual Meeting<\/em>, San Francisco.<\/p>\n<p><span lang=\"EN-GB\">2022: \u2018The Everyday Materiality of Colonial Buildings\u2019, <\/span><i><span lang=\"EN-GB\">Lagos Studies Association<\/span><\/i><span lang=\"EN-GB\">, University of Lagos [online]<br \/>\n<\/span><\/p>\n<p><span lang=\"EN-GB\">2022: \u2018What Can Art Bring to African Studies on a Wounded Planet?\u2019, <\/span><i><span lang=\"EN-GB\">Africa-Europe: Reciprocal Perspectives<\/span><\/i><span lang=\"EN-GB\">, Albert Ludwig University, Freiburg, Germany<\/span><\/p>\n<p>2021: <em>Inner City Planting in Dialogue with the Hinterland<br \/>\n<\/em>Hinterlands, Wits Institute for Social and Economic Research and Amsterdam School for Cultural Analysis [online].<\/p>\n<p><span style=\"font-weight: 400;\">2021: <\/span><i><span style=\"font-weight: 400;\">Unnatural Nature: Reimagining the Colonial Greenhouse<br \/>\n<\/span><\/i><span style=\"font-weight: 400;\">In Whose Place? Vestiges of the Colonial Landscape in Africa, Wits History Workshop, University of the Witwatersrand [online].\u00a0<\/span><\/p>\n<p><span lang=\"EN-GB\">2019: <i>Questioning Resilience<br \/>\n<\/i>The Third African Studies Association in Africa (ASAA), Nairobi, Kenya. <\/span><\/p>\n<p><span lang=\"EN-GB\">2018: <i>Loaded Inheritance: African Art and Decolonisation<br \/>\n<\/i>African Studies Association Annual Conference, Atlanta, USA.<\/span><\/p>\n<p><span lang=\"EN-GB\">2017: <\/span><i><span lang=\"EN-GB\">The City Can Speak for Itself<\/span><\/i><span lang=\"EN-GB\"><br \/>\nAfrica in the World: Shifting Boundaries and Knowledge Production, African Studies Association, Johannesburg, South Africa.<i><br \/>\n<\/i><\/span><\/p>\n<p><span lang=\"EN-GB\">2017:<i> Tracing Art Nouveau in Mbanza Ngungu<\/i><br \/>\n<\/span><span lang=\"CA\">III\u00a0coupDefouet\u00a0International Congress<\/span>, <span lang=\"CA\">Institut del Paisatge Urb\u00e0, <\/span><span lang=\"EN-GB\">Barcelona, <\/span><span lang=\"CA\">Spain. <\/span><\/p>\n<p><span lang=\"EN-GB\">2017: <i>Designing Congolese Modernism<br \/>\n<\/i>17<sup>th<\/sup> Arts Council of the African Studies Association (ACASA) Triennial, Accra, Ghana.<br \/>\n<\/span><\/p>\n<p><span lang=\"EN-GB\">2017: <i>Creative Practice in the Nervous University<\/i><br \/>\nArtsearch Symposium,<i> <\/i>Wits School Of Arts, University of the Witwatersrand, Johannesburg.<br \/>\n<\/span><\/p>\n<p><span lang=\"EN-GB\">2016: <i>New Urban Epistemologies<\/i><br \/>\n<\/span>Decolonising the University in Africa,\u00a0University of South Africa (UNISA), Pretoria, South Africa.<\/p>\n<p><span lang=\"EN-GB\">2016: <i>Revisiting \u2018Magiciens de la Terre\u2019 via the colonial exhibition<br \/>\n<\/i><\/span>Biblioth\u00e8que Kandinsky Summer University, Centre Pompidou, Paris, France.<\/p>\n<p>2016: <i><span lang=\"EN-GB\">\u2018Style Congo\u2019 in the Post Colony<\/span><\/i><span lang=\"EN-GB\"><br \/>\nCollege Arts Association (CAA), Washington DC, USA.<br \/>\n<\/span><\/p>\n<p><span lang=\"EN-GB\">2015: <i>Object Agencies<\/i>, <\/span>M\u00e9diation pass\u00e9e, pr\u00e9sente et future<span lang=\"EN-GB\">, Acad\u00e9mie des Beaux-Arts de Kinshasa, Democratic Republic of the Congo (DRC)<\/span>.<span lang=\"EN-GB\"><br \/>\n<\/span><\/p>\n<p><span lang=\"EN-GB\">2014: <i>Art Nouveau Dreamscapes and the Nightmare of the African Colony<br \/>\n<\/i>WiSER WISH seminar (<i>Writing from the Global South<\/i> workshop), Johannesburg.<br \/>\n<\/span><\/p>\n<p><span lang=\"EN-GB\">2014: <i>Fictional hierarchies in the fin de si\u00e8cle total artwork<br \/>\n<\/i>Gesamtkunstwerk. A Concept for all Times and Places Conference, University of Lisbon, Portugal.<\/span><\/p>\n<p><b>SEMINAR PRESENTATIONS<br \/>\n<\/b><\/p>\n<p>2023: <em>Congo Style: From Belgian Art Nouveau to African Independence<br \/>\n<\/em>University Seminar on Contemporary Africa, Institute for African Studies and the School of Arts, Columbia University, New York, USA.<br \/>\n<em><br \/>\n<\/em>\u00a0<span lang=\"EN-GB\">2018: <\/span><i><span lang=\"EN-GB\">The City Can Speak for Itself<\/span><\/i><span lang=\"EN-GB\"><br \/>\nWits Institute for Social and Economic Research (WiSER) WISH Seminar, University of the Witwatersrand, Johannesburg, South Africa<br \/>\n<\/span><\/p>\n<p><span lang=\"EN-GB\">2017: <\/span><i><span lang=\"EN-GB\">Lived Remainders: The Contemporary Lives of Iron Hotels in the Congo<\/span><\/i><span lang=\"EN-GB\"><br \/>\nWits City Institute Fellows Seminar, Wits University, Johannesburg, South Africa<\/span><\/p>\n<p><span lang=\"EN-GB\">2016: <i>Anonymous Objects as Exhibition Organisms<\/i><br \/>\nWiSER WISH Seminar, University of the Witwatersrand, Johannesburg, South Africa\u00a0 <\/span><\/p>\n<p>2014: <i>Looking for the Congo in \u2018Congo Style,\u2019<br \/>\n<\/i>CCAA Seminar, Wits Art Museum, Johannesburg, South Africa<em><span lang=\"EN-GB\"><br \/>\n<\/span><\/em><\/p>\n<p><span lang=\"EN-GB\">2013: <i>Approaches from the Global South<br \/>\n<\/i>BIGSAS Seminar at Iwalewa-Haus, University of Bayreuth, Germany<\/span><\/p>\n","protected":false},"excerpt":{"rendered":"<p>Orchid ID: https:\/\/orcid.org\/0000-0002-0987-1959 BOOKS (single author) 2023: Sacks, R. Congo Style: From Art Nouveau to&#8230;<\/p>\n","protected":false},"author":1,"featured_media":0,"parent":0,"menu_order":0,"comment_status":"closed","ping_status":"closed","template":"","meta":{"_monsterinsights_skip_tracking":false,"_monsterinsights_sitenote_active":false,"_monsterinsights_sitenote_note":"","_monsterinsights_sitenote_category":0},"_links":{"self":[{"href":"https:\/\/ruthsacks.com\/index.php\/wp-json\/wp\/v2\/pages\/883"}],"collection":[{"href":"https:\/\/ruthsacks.com\/index.php\/wp-json\/wp\/v2\/pages"}],"about":[{"href":"https:\/\/ruthsacks.com\/index.php\/wp-json\/wp\/v2\/types\/page"}],"author":[{"embeddable":true,"href":"https:\/\/ruthsacks.com\/index.php\/wp-json\/wp\/v2\/users\/1"}],"replies":[{"embeddable":true,"href":"https:\/\/ruthsacks.com\/index.php\/wp-json\/wp\/v2\/comments?post=883"}],"version-history":[{"count":40,"href":"https:\/\/ruthsacks.com\/index.php\/wp-json\/wp\/v2\/pages\/883\/revisions"}],"predecessor-version":[{"id":1249,"href":"https:\/\/ruthsacks.com\/index.php\/wp-json\/wp\/v2\/pages\/883\/revisions\/1249"}],"wp:attachment":[{"href":"https:\/\/ruthsacks.com\/index.php\/wp-json\/wp\/v2\/media?parent=883"}],"curies":[{"name":"wp","href":"https:\/\/api.w.org\/{rel}","templated":true}]}}